{"id":34,"date":"2021-11-04T17:51:08","date_gmt":"2021-11-04T16:51:08","guid":{"rendered":"https:\/\/www.uli-alto.net\/?page_id=34"},"modified":"2022-11-08T19:53:12","modified_gmt":"2022-11-08T18:53:12","slug":"proyecto","status":"publish","type":"page","link":"https:\/\/www.uli-alto.net\/?page_id=34&lang=es","title":{"rendered":"Proyecto"},"content":{"rendered":"<div class=\"wp-block-image\">\n<figure class=\"aligncenter size-full\"><img loading=\"lazy\" decoding=\"async\" width=\"190\" height=\"190\" src=\"https:\/\/www.uli-alto.net\/wp-content\/uploads\/2021\/11\/logo.jpg\" alt=\"\" class=\"wp-image-37\" srcset=\"https:\/\/www.uli-alto.net\/wp-content\/uploads\/2021\/11\/logo.jpg 190w, https:\/\/www.uli-alto.net\/wp-content\/uploads\/2021\/11\/logo-150x150.jpg 150w\" sizes=\"auto, (max-width: 190px) 100vw, 190px\" \/><figcaption class=\"wp-element-caption\">Bienvenid@s<\/figcaption><\/figure>\n<\/div>\n\n\n<p>Esta aventura empez\u00f3 en 2008, cuando un franc\u00e9s llego a Navarra a conocer los pueblos okupados. En esos 12 a\u00f1os, pasaron mucha gente con muchas ideas y muchos sue\u00f1os. De esos, solo algunos se quedaron a vivir, meses o a\u00f1os y ahora formamos un colectivo de 6 adult@s y 3 nin@s (la cifra cambia y no siempre la actualizamos).<\/p>\n\n\n\n<figure class=\"wp-block-image size-full\"><img loading=\"lazy\" decoding=\"async\" width=\"800\" height=\"542\" src=\"https:\/\/www.uli-alto.net\/wp-content\/uploads\/2021\/11\/iglesiavacavolante.jpg\" alt=\"\" class=\"wp-image-66\" srcset=\"https:\/\/www.uli-alto.net\/wp-content\/uploads\/2021\/11\/iglesiavacavolante.jpg 800w, https:\/\/www.uli-alto.net\/wp-content\/uploads\/2021\/11\/iglesiavacavolante-300x203.jpg 300w, https:\/\/www.uli-alto.net\/wp-content\/uploads\/2021\/11\/iglesiavacavolante-768x520.jpg 768w\" sizes=\"auto, (max-width: 800px) 100vw, 800px\" \/><\/figure>\n\n\n\n<p>Esta aventura empez\u00f3 en 2008, cuando un franc\u00e9s llego a Navarra a conocer los pueblos okupados. En esos 12 a\u00f1os, pasaron mucha gente con muchas ideas y muchos sue\u00f1os. De esos, solo algunos se quedaron a vivir, meses o a\u00f1os y ahora formamos un colectivo de 6 adult@s y 3 nin@s (la cifra cambia y no siempre la actualizamos).<\/p>\n\n\n\n<p>Colectivo, comunidad, okupa\u2026 nos importa poco el nombre. Vemos nuestro pueblo como una experimentaci\u00f3n social, entre el concreto y el sue\u00f1o. Utopistas en el alma, tenemos aqu\u00ed un sitio para experimentar una manera de vivir diferente al mundo moderno y su individualismo radical.<\/p>\n\n\n\n<p><\/p>\n\n\n\n<div class=\"wp-block-media-text alignwide is-stacked-on-mobile\" style=\"grid-template-columns:28% auto\"><figure class=\"wp-block-media-text__media\"><img loading=\"lazy\" decoding=\"async\" width=\"190\" height=\"190\" src=\"https:\/\/www.uli-alto.net\/wp-content\/uploads\/2021\/11\/logo.jpg\" alt=\"\" class=\"wp-image-37 size-full\" srcset=\"https:\/\/www.uli-alto.net\/wp-content\/uploads\/2021\/11\/logo.jpg 190w, https:\/\/www.uli-alto.net\/wp-content\/uploads\/2021\/11\/logo-150x150.jpg 150w\" sizes=\"auto, (max-width: 190px) 100vw, 190px\" \/><\/figure><div class=\"wp-block-media-text__content\">\n<p>Creemos en la autogesti\u00f3n como manera de organizar nuestras vidas. Aprender a vivir juntos, en eso estamos. A traves de asambleas (pocas), di\u00e1logos (constantemente) y a veces dibujitos, tomamos las decisiones en com\u00fan. No revindicamos un sistema de funcionar fijo, aunque las cosas cambian despacio, pensamos que siempre se puede mejorar y que no existe una \u00fanica forma de funcionar.<\/p>\n<\/div><\/div>\n\n\n\n<p>Pensamos que el mundo moderno y sus valores nos alejan de valores esenciales de un bien estar com\u00fan. Aqu\u00ed hacemos pol\u00edtica supra local, a nuestra escala. La responsabilidad es un pilar fundamental de nuestras vidas, y vivir en un colectivo nos supone responsabilizarnos.<\/p>\n\n\n\n<p>Aunque nos parece casi imposible, creemos en un cambio social y apoyamos a todos los proyectos que quieren salir del camino propuesto del ultra liberalismo.<\/p>\n\n\n\n<div class=\"wp-block-media-text alignwide is-stacked-on-mobile\" style=\"grid-template-columns:23% auto\"><figure class=\"wp-block-media-text__media\"><img decoding=\"async\" src=\"http:\/\/web.archive.org\/web\/20201117173910im_\/https:\/\/dijon.squat.net\/symbole.png\" alt=\"\"\/><\/figure><div class=\"wp-block-media-text__content\">\n<p>Geogr\u00e1ficamente, estando tan alejado de las ciudades y de las luchas, es dif\u00edcil tomar parte de las luchas sociales. Hacemos lo que podemos desde aqu\u00ed para ayudar, participando cuando se puede (hay mucho trabajo aqu\u00ed) a despertar en las conciencias una necesidad de cambio.<\/p>\n<\/div><\/div>\n\n\n\n<figure class=\"wp-block-image size-full\"><img loading=\"lazy\" decoding=\"async\" width=\"1000\" height=\"307\" src=\"https:\/\/www.uli-alto.net\/wp-content\/uploads\/2022\/03\/casa.jpg\" alt=\"\" class=\"wp-image-120\" srcset=\"https:\/\/www.uli-alto.net\/wp-content\/uploads\/2022\/03\/casa.jpg 1000w, https:\/\/www.uli-alto.net\/wp-content\/uploads\/2022\/03\/casa-300x92.jpg 300w, https:\/\/www.uli-alto.net\/wp-content\/uploads\/2022\/03\/casa-768x236.jpg 768w\" sizes=\"auto, (max-width: 1000px) 100vw, 1000px\" \/><\/figure>\n","protected":false},"excerpt":{"rendered":"<p>Esta aventura empez\u00f3 en 2008, cuando un franc\u00e9s llego a Navarra a conocer los pueblos okupados. En esos 12 a\u00f1os, pasaron mucha gente con muchas ideas y muchos sue\u00f1os. De esos, solo algunos se quedaron a vivir, meses o a\u00f1os y ahora formamos un colectivo de 6 adult@s y 3 nin@s (la cifra cambia y &hellip; <a href=\"https:\/\/www.uli-alto.net\/?page_id=34&#038;lang=es\" class=\"more-link\">Seguir leyendo <span class=\"screen-reader-text\">Proyecto<\/span> <span class=\"meta-nav\">&rarr;<\/span><\/a><\/p>\n","protected":false},"author":1,"featured_media":0,"parent":0,"menu_order":0,"comment_status":"closed","ping_status":"closed","template":"","meta":{"footnotes":""},"class_list":["post-34","page","type-page","status-publish","hentry"],"_links":{"self":[{"href":"https:\/\/www.uli-alto.net\/index.php?rest_route=\/wp\/v2\/pages\/34","targetHints":{"allow":["GET"]}}],"collection":[{"href":"https:\/\/www.uli-alto.net\/index.php?rest_route=\/wp\/v2\/pages"}],"about":[{"href":"https:\/\/www.uli-alto.net\/index.php?rest_route=\/wp\/v2\/types\/page"}],"author":[{"embeddable":true,"href":"https:\/\/www.uli-alto.net\/index.php?rest_route=\/wp\/v2\/users\/1"}],"replies":[{"embeddable":true,"href":"https:\/\/www.uli-alto.net\/index.php?rest_route=%2Fwp%2Fv2%2Fcomments&post=34"}],"version-history":[{"count":8,"href":"https:\/\/www.uli-alto.net\/index.php?rest_route=\/wp\/v2\/pages\/34\/revisions"}],"predecessor-version":[{"id":150,"href":"https:\/\/www.uli-alto.net\/index.php?rest_route=\/wp\/v2\/pages\/34\/revisions\/150"}],"wp:attachment":[{"href":"https:\/\/www.uli-alto.net\/index.php?rest_route=%2Fwp%2Fv2%2Fmedia&parent=34"}],"curies":[{"name":"wp","href":"https:\/\/api.w.org\/{rel}","templated":true}]}}