{"id":43,"date":"2021-11-04T17:58:03","date_gmt":"2021-11-04T16:58:03","guid":{"rendered":"https:\/\/www.uli-alto.net\/?page_id=43"},"modified":"2022-03-24T17:47:27","modified_gmt":"2022-03-24T16:47:27","slug":"venir-o-venir-a-vivir","status":"publish","type":"page","link":"https:\/\/www.uli-alto.net\/?page_id=43&lang=es","title":{"rendered":"Visitarnos"},"content":{"rendered":"\n<div class=\"wp-block-image\"><figure class=\"aligncenter size-full is-resized\"><img loading=\"lazy\" decoding=\"async\" src=\"https:\/\/www.uli-alto.net\/wp-content\/uploads\/2021\/11\/Capture-de\u0301cran-2021-11-15-a\u0300-19.19.29.png\" alt=\"\" class=\"wp-image-99\" width=\"617\" height=\"328\" srcset=\"https:\/\/www.uli-alto.net\/wp-content\/uploads\/2021\/11\/Capture-de\u0301cran-2021-11-15-a\u0300-19.19.29.png 980w, https:\/\/www.uli-alto.net\/wp-content\/uploads\/2021\/11\/Capture-de\u0301cran-2021-11-15-a\u0300-19.19.29-300x159.png 300w, https:\/\/www.uli-alto.net\/wp-content\/uploads\/2021\/11\/Capture-de\u0301cran-2021-11-15-a\u0300-19.19.29-768x408.png 768w\" sizes=\"auto, (max-width: 617px) 100vw, 617px\" \/><\/figure><\/div>\n\n\n\n<p>Estamos abiert@s a las visitas casi todo el tiempo. Estamos acostumbradas a acoger a gente de visita, y mucha veces lo agradecemos.<\/p>\n\n\n\n<p>Antes de querer quedarte a vivir\u2026 bueno sin conocernos va a ser complicado. Las cosas van poco a poco y tenemos que conocernos antes de cualquier proyecci\u00f3n. De visita puedes venir sin problema, dos semanas esta bien para descubrir el pueblo.<\/p>\n\n\n\n<p>Tenemos un mail para avisar de cuando quieres venir: info@uli-alto.net<\/p>\n\n\n\n<p>Nos vemos pronto!<\/p>\n\n\n\n<p><strong>Lo que ofrecemos a la gente:<\/strong><\/p>\n\n\n\n<ul class=\"wp-block-list\"><li>Vivir con nosotros mientras tu estancia, participar en la vida del pueblo.<\/li><li>Descubrir nuestro proyecto y entorno rural y humano<\/li><li>Un espacio de 12m\u00b2 con colchones y mantas para dormir<\/li><li>Una cocina colectiva, una ducha y tambi\u00e9n una lavadora (seg\u00fan el agua y la luz)<\/li><li>Una conexi\u00f3n internet (limitada)<\/li><\/ul>\n\n\n\n<p><strong>Lo que necesitas traer:<\/strong><\/p>\n\n\n\n<ul class=\"wp-block-list\"><li>BUENA ONDA, es lo mas importante, las ganas y las sonrisas son lo mejor<\/li><li>Mantas, tienda (en verano sobre todo\u2026 y cuando hay mucha gente)<\/li><li>Dinero (aqu\u00ed participamos todos al bote com\u00fan, cuando vamos de compras)<\/li><li>Vicios (la autogesti\u00f3n pasa tambi\u00e9n por ah\u00ed)<\/li><\/ul>\n\n\n\n<p>Estamos abiertas a grupos que quieren aprovechar del sitio para juntarse (asambleas extraordinarias, grupos de j\u00f3venes\u2026 ) vemos disponibilidades y condiciones caso a caso. Escribidnos para mas informaciones.<\/p>\n","protected":false},"excerpt":{"rendered":"<p>Estamos abiert@s a las visitas casi todo el tiempo. Estamos acostumbradas a acoger a gente de visita, y mucha veces lo agradecemos. Antes de querer quedarte a vivir\u2026 bueno sin conocernos va a ser complicado. Las cosas van poco a poco y tenemos que conocernos antes de cualquier proyecci\u00f3n. De visita puedes venir sin problema, &hellip; <a href=\"https:\/\/www.uli-alto.net\/?page_id=43&#038;lang=es\" class=\"more-link\">Seguir leyendo <span class=\"screen-reader-text\">Visitarnos<\/span> <span class=\"meta-nav\">&rarr;<\/span><\/a><\/p>\n","protected":false},"author":1,"featured_media":0,"parent":0,"menu_order":0,"comment_status":"closed","ping_status":"closed","template":"","meta":{"footnotes":""},"class_list":["post-43","page","type-page","status-publish","hentry"],"_links":{"self":[{"href":"https:\/\/www.uli-alto.net\/index.php?rest_route=\/wp\/v2\/pages\/43","targetHints":{"allow":["GET"]}}],"collection":[{"href":"https:\/\/www.uli-alto.net\/index.php?rest_route=\/wp\/v2\/pages"}],"about":[{"href":"https:\/\/www.uli-alto.net\/index.php?rest_route=\/wp\/v2\/types\/page"}],"author":[{"embeddable":true,"href":"https:\/\/www.uli-alto.net\/index.php?rest_route=\/wp\/v2\/users\/1"}],"replies":[{"embeddable":true,"href":"https:\/\/www.uli-alto.net\/index.php?rest_route=%2Fwp%2Fv2%2Fcomments&post=43"}],"version-history":[{"count":3,"href":"https:\/\/www.uli-alto.net\/index.php?rest_route=\/wp\/v2\/pages\/43\/revisions"}],"predecessor-version":[{"id":126,"href":"https:\/\/www.uli-alto.net\/index.php?rest_route=\/wp\/v2\/pages\/43\/revisions\/126"}],"wp:attachment":[{"href":"https:\/\/www.uli-alto.net\/index.php?rest_route=%2Fwp%2Fv2%2Fmedia&parent=43"}],"curies":[{"name":"wp","href":"https:\/\/api.w.org\/{rel}","templated":true}]}}