{"id":55,"date":"2021-11-04T18:09:53","date_gmt":"2021-11-04T17:09:53","guid":{"rendered":"https:\/\/www.uli-alto.net\/?page_id=55"},"modified":"2022-11-08T19:53:58","modified_gmt":"2022-11-08T18:53:58","slug":"comment-venir","status":"publish","type":"page","link":"https:\/\/www.uli-alto.net\/?page_id=55&lang=fr","title":{"rendered":"Comment venir?"},"content":{"rendered":"\n<h1 class=\"wp-block-heading\">Comment venir?<\/h1>\n\n\n\n<figure class=\"wp-block-image size-large\"><img loading=\"lazy\" decoding=\"async\" width=\"1024\" height=\"665\" src=\"https:\/\/www.uli-alto.net\/wp-content\/uploads\/2022\/11\/IMG_5652-1024x665.jpg\" alt=\"\" class=\"wp-image-151\" srcset=\"https:\/\/www.uli-alto.net\/wp-content\/uploads\/2022\/11\/IMG_5652-1024x665.jpg 1024w, https:\/\/www.uli-alto.net\/wp-content\/uploads\/2022\/11\/IMG_5652-300x195.jpg 300w, https:\/\/www.uli-alto.net\/wp-content\/uploads\/2022\/11\/IMG_5652-768x499.jpg 768w, https:\/\/www.uli-alto.net\/wp-content\/uploads\/2022\/11\/IMG_5652.jpg 1280w\" sizes=\"auto, (max-width: 1024px) 100vw, 1024px\" \/><\/figure>\n\n\n\n<p>La route est longue, la piste aussi, mais on finit toujours par arriver.<\/p>\n\n\n<div class=\"wp-block-image\">\n<figure class=\"alignleft size-full is-resized\"><img loading=\"lazy\" decoding=\"async\" src=\"https:\/\/www.uli-alto.net\/wp-content\/uploads\/2022\/03\/pista.jpg\" alt=\"\" class=\"wp-image-117\" width=\"223\" height=\"244\" srcset=\"https:\/\/www.uli-alto.net\/wp-content\/uploads\/2022\/03\/pista.jpg 500w, https:\/\/www.uli-alto.net\/wp-content\/uploads\/2022\/03\/pista-274x300.jpg 274w\" sizes=\"auto, (max-width: 223px) 100vw, 223px\" \/><\/figure>\n<\/div>\n\n\n<ul class=\"wp-block-list\">\n<li>En voiture, il faut passer par Elcoaz (13km de piste)<\/li>\n\n\n\n<li>Si vous arrivez a pied, c\u2019est plus facile par Aoiz, il y a une ligne de bus depuis\/vers Pamplune. Il y a 2 raccourcis dans la montee. Suivre les marques bleues et violettes. Passer par Rala! Ou suivre la piste\u2026 parce que les raccourcis sont pas super \u00e0 jour.<\/li>\n<\/ul>\n\n\n\n<ul class=\"wp-block-list\">\n<li><strong>NE PAS SUIVRE les intructions googlemaps ou je ne sais quoi<\/strong><\/li>\n\n\n\n<li><strong>NE PAS SUIVRE LE GPS<\/strong><\/li>\n<\/ul>\n\n\n\n<p><\/p>\n\n\n\n<ul class=\"wp-block-list\">\n<li>L\u2019id\u00e9e est d\u2019aller jusqu\u2019au village <strong>d\u2019Elcoaz par la route!<\/strong> depuis Aoiz ou Lumbier\u2026<\/li>\n\n\n\n<li>Juste <strong>avant<\/strong> d\u2019arriver \u00e0 Elkoaz et apr\u00e8s un petit tunnel de roche<\/li>\n\n\n\n<li>Prendre une mont\u00e9e en b\u00e9ton sur la gauche (30m)<\/li>\n\n\n\n<li>Suivre la piste principale en montant.. Prendre \u00e0 droite, une belle mont\u00e9e en b\u00e9ton, puis devant un <strong>portail vert<\/strong> sur la gauche en continuant \u00e0 monter<\/li>\n\n\n\n<li>Continuer la piste principale (ne pas tourner \u00e0 gauche, 2 ou 3 possibilit\u00e9s), normalement apres plusieurs kilom\u00e8tres vous devez passer <strong>une grille m\u00e9talique sur le sol<\/strong>\u2026<\/li>\n\n\n\n<li>Plusieurs kilom\u00e8tres plus loin vous passerez une \u2018fontaine\u00bb\u2019 sur la gauche..<\/li>\n\n\n\n<li>Apr\u00e8s la fontaine (300m) <strong>tournez \u00e0 droite<\/strong> direction uli-alto (Petit panneau un peu pourri)\u2026<\/li>\n\n\n\n<li>Vous \u00eates sur la <strong>bonne route<\/strong> mais il vous reste 6km.. Il n\u2019y a plus moyen de se tromper, garez vous sur le parking en bas, bienvenus<\/li>\n\n\n\n<li><strong>N\u2019oubliez pas, la premi\u00e8re est votre meilleure amie<\/strong>, aller doucement est le meilleur moyen de ne pas abimer le v\u00e9hicule\u2026 Compter entre 45min et 1h30 pour arriver au village.. <em>Le record est 27min mais ils ont cass\u00e9 la voiture\u2026<\/em><\/li>\n<\/ul>\n\n\n\n<p><\/p>\n\n\n<div class=\"wp-block-image\">\n<figure class=\"aligncenter size-full\"><img loading=\"lazy\" decoding=\"async\" width=\"268\" height=\"150\" src=\"https:\/\/www.uli-alto.net\/wp-content\/uploads\/2021\/11\/Piste.jpg\" alt=\"\" class=\"wp-image-103\"\/><figcaption class=\"wp-element-caption\">la nieve<\/figcaption><\/figure>\n<\/div>\n\n\n<p><em>Casse pas ta caisse. piste difficile en hiver, et en ete, bah\u2026c\u2019est mieux, pense a prendre des chaines en hiver ou nous contacter avant d arriver pour voir si y a un voyage en 4&#215;4.<\/em><\/p>\n\n\n\n<p><a href=\"http:\/\/web.archive.org\/web\/20200803124614\/mailto:info@uli-alto.net\">info@uli-alto.net<\/a><\/p>\n\n\n\n<p><a href=\"http:\/\/web.archive.org\/web\/20200803124614\/http:\/\/osm.org\/go\/b~pWTSvio--\">OpenStreetMap<\/a><\/p>\n\n\n\n<p><a href=\"http:\/\/web.archive.org\/web\/20200803124614\/geo:42.83321,-1.30534?z=18\">Lien pour GPS<\/a><\/p>\n\n\n\n<p>GPS: 42.833523, -1.303353<\/p>\n","protected":false},"excerpt":{"rendered":"<p>Comment venir? La route est longue, la piste aussi, mais on finit toujours par arriver. Casse pas ta caisse. piste difficile en hiver, et en ete, bah\u2026c\u2019est mieux, pense a prendre des chaines en hiver ou nous contacter avant d arriver pour voir si y a un voyage en 4&#215;4. info@uli-alto.net OpenStreetMap Lien pour GPS &hellip; <a href=\"https:\/\/www.uli-alto.net\/?page_id=55&#038;lang=fr\" class=\"more-link\">Seguir leyendo <span class=\"screen-reader-text\">Comment venir?<\/span> <span class=\"meta-nav\">&rarr;<\/span><\/a><\/p>\n","protected":false},"author":1,"featured_media":0,"parent":0,"menu_order":0,"comment_status":"closed","ping_status":"closed","template":"","meta":{"footnotes":""},"class_list":["post-55","page","type-page","status-publish","hentry"],"_links":{"self":[{"href":"https:\/\/www.uli-alto.net\/index.php?rest_route=\/wp\/v2\/pages\/55","targetHints":{"allow":["GET"]}}],"collection":[{"href":"https:\/\/www.uli-alto.net\/index.php?rest_route=\/wp\/v2\/pages"}],"about":[{"href":"https:\/\/www.uli-alto.net\/index.php?rest_route=\/wp\/v2\/types\/page"}],"author":[{"embeddable":true,"href":"https:\/\/www.uli-alto.net\/index.php?rest_route=\/wp\/v2\/users\/1"}],"replies":[{"embeddable":true,"href":"https:\/\/www.uli-alto.net\/index.php?rest_route=%2Fwp%2Fv2%2Fcomments&post=55"}],"version-history":[{"count":5,"href":"https:\/\/www.uli-alto.net\/index.php?rest_route=\/wp\/v2\/pages\/55\/revisions"}],"predecessor-version":[{"id":152,"href":"https:\/\/www.uli-alto.net\/index.php?rest_route=\/wp\/v2\/pages\/55\/revisions\/152"}],"wp:attachment":[{"href":"https:\/\/www.uli-alto.net\/index.php?rest_route=%2Fwp%2Fv2%2Fmedia&parent=55"}],"curies":[{"name":"wp","href":"https:\/\/api.w.org\/{rel}","templated":true}]}}