{"id":57,"date":"2021-11-04T18:10:39","date_gmt":"2021-11-04T17:10:39","guid":{"rendered":"https:\/\/www.uli-alto.net\/?page_id=57"},"modified":"2022-11-08T19:56:31","modified_gmt":"2022-11-08T18:56:31","slug":"como-llegar","status":"publish","type":"page","link":"https:\/\/www.uli-alto.net\/?page_id=57&lang=es","title":{"rendered":"Como llegar?"},"content":{"rendered":"<div class=\"wp-block-image\">\n<figure class=\"aligncenter size-large is-resized\"><img loading=\"lazy\" decoding=\"async\" src=\"https:\/\/www.uli-alto.net\/wp-content\/uploads\/2022\/11\/IMG_5652-1024x665.jpg\" alt=\"\" class=\"wp-image-151\" width=\"483\" height=\"313\" srcset=\"https:\/\/www.uli-alto.net\/wp-content\/uploads\/2022\/11\/IMG_5652-1024x665.jpg 1024w, https:\/\/www.uli-alto.net\/wp-content\/uploads\/2022\/11\/IMG_5652-300x195.jpg 300w, https:\/\/www.uli-alto.net\/wp-content\/uploads\/2022\/11\/IMG_5652-768x499.jpg 768w, https:\/\/www.uli-alto.net\/wp-content\/uploads\/2022\/11\/IMG_5652.jpg 1280w\" sizes=\"auto, (max-width: 483px) 100vw, 483px\" \/><\/figure>\n<\/div>\n\n<div class=\"wp-block-image\">\n<figure class=\"alignleft size-full is-resized\"><img loading=\"lazy\" decoding=\"async\" src=\"https:\/\/www.uli-alto.net\/wp-content\/uploads\/2022\/03\/pista.jpg\" alt=\"\" class=\"wp-image-117\" width=\"219\" height=\"240\" srcset=\"https:\/\/www.uli-alto.net\/wp-content\/uploads\/2022\/03\/pista.jpg 500w, https:\/\/www.uli-alto.net\/wp-content\/uploads\/2022\/03\/pista-274x300.jpg 274w\" sizes=\"auto, (max-width: 219px) 100vw, 219px\" \/><\/figure>\n<\/div>\n\n\n<ul class=\"wp-block-list\">\n<li><strong>Ruedas o zapatos?<\/strong>\n<ul class=\"wp-block-list\">\n<li>No rompas el coche. Pista dif\u00edcil en invierno, y en verano\u2026.pues, mejor. Se puede subir desde Elcoaz (13km).<\/li>\n<\/ul>\n<\/li>\n\n\n\n<li>Si vienes andando, es mas f\u00e1cil de Aoiz, porque hay linea de autobuses hacia Pamplona. Hay 2 atajos pintados de azul y morado. Pasa por Rala! (Pintados\u2026 bueno lo que queda)<\/li>\n<\/ul>\n\n\n\n<h3 class=\"wp-block-heading\">Si vienes en coche<\/h3>\n\n\n\n<ul class=\"wp-block-list\">\n<li>NO sigues la instrucciones<strong> de googlemap o yoquese<\/strong><\/li>\n\n\n\n<li>NO SIGUES EL GPS!<\/li>\n\n\n\n<li>La idea es llegar a <strong>Elcoaz<\/strong> desde Aoiz o Lumbier<\/li>\n\n\n\n<li>Justo <strong>antes<\/strong> de llegar a Elkoaz y despu\u00e9s un peque\u00f1o t\u00fanel de roca<\/li>\n\n\n\n<li>Gira a la izquierda y coge la pista de hormig\u00f3n (solo unos 30m)<\/li>\n\n\n\n<li>Sigue la pista principal hacia arriba, al llegar a un cruce eliges al la derecha, en seguida te encuentras 200 metros hormigonados y llegas a una puerta verde met\u00e1lica que NO hay que cruzar. Gira casi 180\u00ba a la izquierda y sigue.<\/li>\n\n\n\n<li>Sigues la pista principal recto, no girar a la izquierda (2 o 3 posibilidades), al cabo de algunos kil\u00f3metros pasar\u00e1s un paso canadiense (una rejilla de metal en el suelo)<\/li>\n\n\n\n<li>Sigues la pista otros kil\u00f3metros, si te fijas ver\u00e1s una <strong>fuente<\/strong> la izquierda<\/li>\n\n\n\n<li>Despu\u00e9s la fuente (300m) giras a la derecha direcci\u00f3n uli-alto (Peque\u00f1a pancarta hipi). Si llegas al parking de Aritzkuren es que has girado a la izquierda, vuelve atr\u00e1s hasta el cruce.<\/li>\n\n\n\n<li>Ahora estas sobre <strong>el buen camino<\/strong>, pero quedan unos 6km\u2026 No hay manera de equivocarse, aparcarse a la entrada<\/li>\n\n\n\n<li>Bienvenidas<\/li>\n\n\n\n<li><strong>No olvides, la primera marcha es tu mejor amiga<\/strong>, ir despacio es la mejor opci\u00f3n para no cargarse el veh\u00edculo\u2026 Hay de 45min hasta 1h30 para llegar al pueblo.. <em>El r\u00e9cord es 27min pero el coche se rompi<\/em>\u00f3.<\/li>\n<\/ul>\n\n\n\n<p>Si tienes dudas o quieres avisar de que vienes: <a href=\"http:\/\/web.archive.org\/web\/20200803112051\/mailto:info@uli-alto.net\">info<\/a>@uli<\/p>\n\n\n<div class=\"wp-block-image\">\n<figure class=\"aligncenter size-full\"><img loading=\"lazy\" decoding=\"async\" width=\"268\" height=\"150\" src=\"https:\/\/www.uli-alto.net\/wp-content\/uploads\/2021\/11\/Piste.jpg\" alt=\"\" class=\"wp-image-103\"\/><figcaption class=\"wp-element-caption\">la nieve<\/figcaption><\/figure>\n<\/div>\n\n\n<p><a href=\"http:\/\/web.archive.org\/web\/20200803112051\/http:\/\/osm.org\/go\/b~pWTSvio--\" target=\"_blank\" rel=\"noreferrer noopener\">OpenStreetMap<\/a><\/p>\n\n\n\n<p><a href=\"http:\/\/web.archive.org\/web\/20200803112051\/geo:42.83321,-1.30534?z=18\">Enlace para GPS<\/a><\/p>\n\n\n\n<p>Coordenadas: 42.833523, -1.303353<\/p>\n","protected":false},"excerpt":{"rendered":"<p>Si vienes en coche Si tienes dudas o quieres avisar de que vienes: info@uli OpenStreetMap Enlace para GPS Coordenadas: 42.833523, -1.303353<\/p>\n","protected":false},"author":1,"featured_media":0,"parent":0,"menu_order":0,"comment_status":"closed","ping_status":"closed","template":"","meta":{"footnotes":""},"class_list":["post-57","page","type-page","status-publish","hentry"],"_links":{"self":[{"href":"https:\/\/www.uli-alto.net\/index.php?rest_route=\/wp\/v2\/pages\/57","targetHints":{"allow":["GET"]}}],"collection":[{"href":"https:\/\/www.uli-alto.net\/index.php?rest_route=\/wp\/v2\/pages"}],"about":[{"href":"https:\/\/www.uli-alto.net\/index.php?rest_route=\/wp\/v2\/types\/page"}],"author":[{"embeddable":true,"href":"https:\/\/www.uli-alto.net\/index.php?rest_route=\/wp\/v2\/users\/1"}],"replies":[{"embeddable":true,"href":"https:\/\/www.uli-alto.net\/index.php?rest_route=%2Fwp%2Fv2%2Fcomments&post=57"}],"version-history":[{"count":5,"href":"https:\/\/www.uli-alto.net\/index.php?rest_route=\/wp\/v2\/pages\/57\/revisions"}],"predecessor-version":[{"id":165,"href":"https:\/\/www.uli-alto.net\/index.php?rest_route=\/wp\/v2\/pages\/57\/revisions\/165"}],"wp:attachment":[{"href":"https:\/\/www.uli-alto.net\/index.php?rest_route=%2Fwp%2Fv2%2Fmedia&parent=57"}],"curies":[{"name":"wp","href":"https:\/\/api.w.org\/{rel}","templated":true}]}}